{"id":2215,"date":"2020-04-29T12:39:06","date_gmt":"2020-04-29T12:39:06","guid":{"rendered":"https:\/\/famiba.sk\/o-nas\/"},"modified":"2022-07-11T07:59:24","modified_gmt":"2022-07-11T07:59:24","slug":"about","status":"publish","type":"page","link":"https:\/\/famiba.sk\/en\/about\/","title":{"rendered":"About us"},"content":{"rendered":"<p>We are an experienced distributor of industrial maintenance products and services.<br \/>\nWe have been supplying spare parts, components and equipment to clients from various industries <strong>for over 25 years<\/strong>. We care about their <strong>fast delivery<\/strong> and technical accuracy. We always deliver the products to you on time, whenever and wherever you need.<\/p>\n<p>We implement a number of projects in the fields of lubrication systems, hydraulics, pneumatic systems, high-pressure technology, mechatronics and filter technology.<\/p>\n<p>We offer <strong>comprehensive services<\/strong> that help technicians and employees of the purchasing and operations department with a variety of problems.<\/p>\n","protected":false},"excerpt":{"rendered":"<p>We are an experienced distributor of industrial maintenance products and services. We have been supplying spare parts, components and equipment to clients from various industries for over 25 years. We care about their fast delivery and technical accuracy. We always deliver the products to you on time, whenever and wherever you need. We implement a [&hellip;]<\/p>\n","protected":false},"author":1,"featured_media":0,"parent":0,"menu_order":0,"comment_status":"closed","ping_status":"closed","template":"template-about-us.php","meta":{"footnotes":""},"class_list":["post-2215","page","type-page","status-publish","hentry"],"yoast_head":"<!-- This site is optimized with the Yoast SEO plugin v25.0 - https:\/\/yoast.com\/wordpress\/plugins\/seo\/ -->\n<title>About us | Famiba<\/title>\n<meta name=\"robots\" content=\"index, follow, max-snippet:-1, max-image-preview:large, max-video-preview:-1\" \/>\n<link rel=\"canonical\" href=\"https:\/\/famiba.sk\/en\/about\/\" \/>\n<meta property=\"og:locale\" content=\"en_US\" \/>\n<meta property=\"og:type\" content=\"article\" \/>\n<meta property=\"og:title\" content=\"About us | Famiba\" \/>\n<meta property=\"og:description\" content=\"We are an experienced distributor of industrial maintenance products and services. We have been supplying spare parts, components and equipment to clients from various industries for over 25 years. We care about their fast delivery and technical accuracy. We always deliver the products to you on time, whenever and wherever you need. We implement a [&hellip;]\" \/>\n<meta property=\"og:url\" content=\"https:\/\/famiba.sk\/en\/about\/\" \/>\n<meta property=\"og:site_name\" content=\"Famiba\" \/>\n<meta property=\"article:modified_time\" content=\"2022-07-11T07:59:24+00:00\" \/>\n<meta name=\"twitter:card\" content=\"summary_large_image\" \/>\n<script type=\"application\/ld+json\" class=\"yoast-schema-graph\">{\"@context\":\"https:\/\/schema.org\",\"@graph\":[{\"@type\":\"WebPage\",\"@id\":\"https:\/\/famiba.sk\/en\/about\/\",\"url\":\"https:\/\/famiba.sk\/en\/about\/\",\"name\":\"About us | Famiba\",\"isPartOf\":{\"@id\":\"https:\/\/famiba.sk\/en\/#website\"},\"datePublished\":\"2020-04-29T12:39:06+00:00\",\"dateModified\":\"2022-07-11T07:59:24+00:00\",\"breadcrumb\":{\"@id\":\"https:\/\/famiba.sk\/en\/about\/#breadcrumb\"},\"inLanguage\":\"en-US\",\"potentialAction\":[{\"@type\":\"ReadAction\",\"target\":[\"https:\/\/famiba.sk\/en\/about\/\"]}]},{\"@type\":\"BreadcrumbList\",\"@id\":\"https:\/\/famiba.sk\/en\/about\/#breadcrumb\",\"itemListElement\":[{\"@type\":\"ListItem\",\"position\":1,\"name\":\"Home\",\"item\":\"https:\/\/famiba.sk\/en\/\"},{\"@type\":\"ListItem\",\"position\":2,\"name\":\"About us\"}]},{\"@type\":\"WebSite\",\"@id\":\"https:\/\/famiba.sk\/en\/#website\",\"url\":\"https:\/\/famiba.sk\/en\/\",\"name\":\"Famiba\",\"description\":\"Dod\u00e1vate\u013e dielov pre centr\u00e1lne mazanie a priemyseln\u00fa automatiz\u00e1ciu\",\"potentialAction\":[{\"@type\":\"SearchAction\",\"target\":{\"@type\":\"EntryPoint\",\"urlTemplate\":\"https:\/\/famiba.sk\/en\/?s={search_term_string}\"},\"query-input\":{\"@type\":\"PropertyValueSpecification\",\"valueRequired\":true,\"valueName\":\"search_term_string\"}}],\"inLanguage\":\"en-US\"}]}<\/script>\n<!-- \/ Yoast SEO plugin. -->","yoast_head_json":{"title":"About us | Famiba","robots":{"index":"index","follow":"follow","max-snippet":"max-snippet:-1","max-image-preview":"max-image-preview:large","max-video-preview":"max-video-preview:-1"},"canonical":"https:\/\/famiba.sk\/en\/about\/","og_locale":"en_US","og_type":"article","og_title":"About us | Famiba","og_description":"We are an experienced distributor of industrial maintenance products and services. We have been supplying spare parts, components and equipment to clients from various industries for over 25 years. We care about their fast delivery and technical accuracy. We always deliver the products to you on time, whenever and wherever you need. We implement a [&hellip;]","og_url":"https:\/\/famiba.sk\/en\/about\/","og_site_name":"Famiba","article_modified_time":"2022-07-11T07:59:24+00:00","twitter_card":"summary_large_image","schema":{"@context":"https:\/\/schema.org","@graph":[{"@type":"WebPage","@id":"https:\/\/famiba.sk\/en\/about\/","url":"https:\/\/famiba.sk\/en\/about\/","name":"About us | Famiba","isPartOf":{"@id":"https:\/\/famiba.sk\/en\/#website"},"datePublished":"2020-04-29T12:39:06+00:00","dateModified":"2022-07-11T07:59:24+00:00","breadcrumb":{"@id":"https:\/\/famiba.sk\/en\/about\/#breadcrumb"},"inLanguage":"en-US","potentialAction":[{"@type":"ReadAction","target":["https:\/\/famiba.sk\/en\/about\/"]}]},{"@type":"BreadcrumbList","@id":"https:\/\/famiba.sk\/en\/about\/#breadcrumb","itemListElement":[{"@type":"ListItem","position":1,"name":"Home","item":"https:\/\/famiba.sk\/en\/"},{"@type":"ListItem","position":2,"name":"About us"}]},{"@type":"WebSite","@id":"https:\/\/famiba.sk\/en\/#website","url":"https:\/\/famiba.sk\/en\/","name":"Famiba","description":"Dod\u00e1vate\u013e dielov pre centr\u00e1lne mazanie a priemyseln\u00fa automatiz\u00e1ciu","potentialAction":[{"@type":"SearchAction","target":{"@type":"EntryPoint","urlTemplate":"https:\/\/famiba.sk\/en\/?s={search_term_string}"},"query-input":{"@type":"PropertyValueSpecification","valueRequired":true,"valueName":"search_term_string"}}],"inLanguage":"en-US"}]}},"_links":{"self":[{"href":"https:\/\/famiba.sk\/en\/wp-json\/wp\/v2\/pages\/2215","targetHints":{"allow":["GET"]}}],"collection":[{"href":"https:\/\/famiba.sk\/en\/wp-json\/wp\/v2\/pages"}],"about":[{"href":"https:\/\/famiba.sk\/en\/wp-json\/wp\/v2\/types\/page"}],"author":[{"embeddable":true,"href":"https:\/\/famiba.sk\/en\/wp-json\/wp\/v2\/users\/1"}],"replies":[{"embeddable":true,"href":"https:\/\/famiba.sk\/en\/wp-json\/wp\/v2\/comments?post=2215"}],"version-history":[{"count":9,"href":"https:\/\/famiba.sk\/en\/wp-json\/wp\/v2\/pages\/2215\/revisions"}],"predecessor-version":[{"id":2343,"href":"https:\/\/famiba.sk\/en\/wp-json\/wp\/v2\/pages\/2215\/revisions\/2343"}],"wp:attachment":[{"href":"https:\/\/famiba.sk\/en\/wp-json\/wp\/v2\/media?parent=2215"}],"curies":[{"name":"wp","href":"https:\/\/api.w.org\/{rel}","templated":true}]}}